{"id":337,"date":"2022-01-19T12:33:58","date_gmt":"2022-01-19T12:33:58","guid":{"rendered":"https:\/\/droese-partner.com\/?page_id=337"},"modified":"2022-01-19T12:41:50","modified_gmt":"2022-01-19T12:41:50","slug":"ferdinand-deiss","status":"publish","type":"page","link":"https:\/\/droese-partner.com\/en\/partner-experten\/ferdinand-deiss\/","title":{"rendered":"Ferdinand Dei\u00df"},"content":{"rendered":"<div class=\"wp-block-media-text alignwide is-vertically-aligned-top\" style=\"grid-template-columns:20% auto\"><figure class=\"wp-block-media-text__media\"><img loading=\"lazy\" decoding=\"async\" width=\"200\" height=\"400\" src=\"https:\/\/droese-partner.com\/wp-content\/uploads\/2022\/01\/portrait_deiss_01.png\" alt=\"\" class=\"wp-image-330 size-full\" srcset=\"https:\/\/droese-partner.com\/wp-content\/uploads\/2022\/01\/portrait_deiss_01.png 200w, https:\/\/droese-partner.com\/wp-content\/uploads\/2022\/01\/portrait_deiss_01-150x300.png 150w, https:\/\/droese-partner.com\/wp-content\/uploads\/2022\/01\/portrait_deiss_01-6x12.png 6w\" sizes=\"auto, (max-width: 200px) 100vw, 200px\" \/><\/figure><div class=\"wp-block-media-text__content\">\n<p>My comprehensive experience has been collected in various roles and functions in a worldwide active, diversified enterprise, Metallgesellschaft AG, Frankfurt\/Main, and its follow-up organisations. Over the years the establishment of the inhouse broker, the set-up of processes as well as the portfolio management, the administration and placement of the respective insurance policies was part of my responsibility.<\/p>\n\n\n\n<p>Managing Director of Frankfurter Assekuranz-Kontor GmbH, the In-house Broker of Metallgesellschaft Ag, followed by mg technologies and GEA<\/p>\n\n\n\n<p>Establishment, set-up and management of MG Privatversicherungsdienst GmbH a specific brokerage which provided services for private placements of the employees of the group<\/p>\n\n\n\n<p>Development of IT structure, system and processes for the insurance linked business of the parent company incl premium allocation<\/p>\n\n\n\n<p>Head of Controlling of the In-house Broker<\/p>\n\n\n\n<p>Studies of business administration\/examination as accountant<\/p>\n\n\n\n<p>Chartered Insurance Salesman, trained and educated at RheinLand Versicherungen<\/p>\n\n\n\n<p>Former member of DVS and bfv, the two German associations lobbying for the Corporate Insured and the Inhouse Broker activity and interest<br>bfv (Bundesverband firmenverbundener Versicherungsvermittler und -gesellschaften)<\/p>\n\n\n\n<p>Born 1944, married, one daughter, active tennis player and golfer<\/p>\n<\/div><\/div>","protected":false},"excerpt":{"rendered":"<p>Umfassende Erfahrung sammelte ich in verantwortlichen Funktionen und Bereichen in einer weltweit aktiven, diversifizierten Unternehmung, der Metallgesellschaft AG, Frankfurt am Main, und ihren Folgeunternehmen. Im Laufe der Jahre fiel der Aufbau, die Einrichtung von Prozessen sowie die Betreuung, Verwaltung und Platzierung von Versicherungsvertr\u00e4gen in meine Ressortverantwortung. Gesch\u00e4ftsf\u00fchrer der Frankfurter Assekuranz-Kontor GmbH, firmenverbundener Versicherungsvermittler der Metallgesellschaft &hellip;<\/p>","protected":false},"author":2,"featured_media":209,"parent":206,"menu_order":0,"comment_status":"closed","ping_status":"closed","template":"","meta":{"footnotes":""},"class_list":["post-337","page","type-page","status-publish","has-post-thumbnail","hentry"],"_links":{"self":[{"href":"https:\/\/droese-partner.com\/en\/wp-json\/wp\/v2\/pages\/337","targetHints":{"allow":["GET"]}}],"collection":[{"href":"https:\/\/droese-partner.com\/en\/wp-json\/wp\/v2\/pages"}],"about":[{"href":"https:\/\/droese-partner.com\/en\/wp-json\/wp\/v2\/types\/page"}],"author":[{"embeddable":true,"href":"https:\/\/droese-partner.com\/en\/wp-json\/wp\/v2\/users\/2"}],"replies":[{"embeddable":true,"href":"https:\/\/droese-partner.com\/en\/wp-json\/wp\/v2\/comments?post=337"}],"version-history":[{"count":3,"href":"https:\/\/droese-partner.com\/en\/wp-json\/wp\/v2\/pages\/337\/revisions"}],"predecessor-version":[{"id":342,"href":"https:\/\/droese-partner.com\/en\/wp-json\/wp\/v2\/pages\/337\/revisions\/342"}],"up":[{"embeddable":true,"href":"https:\/\/droese-partner.com\/en\/wp-json\/wp\/v2\/pages\/206"}],"wp:featuredmedia":[{"embeddable":true,"href":"https:\/\/droese-partner.com\/en\/wp-json\/wp\/v2\/media\/209"}],"wp:attachment":[{"href":"https:\/\/droese-partner.com\/en\/wp-json\/wp\/v2\/media?parent=337"}],"curies":[{"name":"wp","href":"https:\/\/api.w.org\/{rel}","templated":true}]}}