{"id":252,"date":"2022-01-17T18:13:53","date_gmt":"2022-01-17T18:13:53","guid":{"rendered":"https:\/\/droese-partner.com\/?page_id=252"},"modified":"2022-01-17T18:30:13","modified_gmt":"2022-01-17T18:30:13","slug":"harry-a-daugird","status":"publish","type":"page","link":"https:\/\/droese-partner.com\/en\/partner-experten\/harry-a-daugird\/","title":{"rendered":"Harry A. Daugird"},"content":{"rendered":"<div class=\"wp-block-media-text alignwide is-vertically-aligned-top\" style=\"grid-template-columns:20% auto\"><figure class=\"wp-block-media-text__media\"><img loading=\"lazy\" decoding=\"async\" width=\"200\" height=\"400\" src=\"https:\/\/droese-partner.com\/wp-content\/uploads\/2022\/01\/portrait_daugird01.png\" alt=\"\" class=\"wp-image-253 size-full\" srcset=\"https:\/\/droese-partner.com\/wp-content\/uploads\/2022\/01\/portrait_daugird01.png 200w, https:\/\/droese-partner.com\/wp-content\/uploads\/2022\/01\/portrait_daugird01-150x300.png 150w\" sizes=\"auto, (max-width: 200px) 100vw, 200px\" \/><\/figure><div class=\"wp-block-media-text__content\">\n<p>1968 \u2013 1974<br>Studies of Law Hamburg University, Germany and San Diego, Calif.\/U.S.A.<\/p>\n\n\n\n<p>1974<br>Graduation Hamburg University, Germany<\/p>\n\n\n\n<p>1976<br>Bar Examination, Federal State of Hamburg, Germany\/Bar Admission in Baden-W\u00fcrttemberg<\/p>\n\n\n\n<p>1977 \u2013 2012<br>\u2022 Employment with BBC AG &amp; ABB Group Legal Dept. &amp; in various positions<\/p>\n\n\n\n<p>Starting 1989 until 07\/2012:<br>\u2022 Risk Management Director for German ABB Group Companies &amp; President and CEO of KOMPOSIT Ltd., the in-house broker company<\/p>\n\n\n\n<p>\u2022 Responsible for Strategy and Global Placement\/Coordination of Group Insurance Programs for all Group Companies worldwide<\/p>\n\n\n\n<p>\u2022 Management of JV issues and M&amp;A Projects<\/p>\n\n\n\n<p>\u2022 Member of Group\u2019s Risk Management Global Steering Committee which included the supervision of the Group\u2019s Captive Company and employment of same<\/p>\n\n\n\n<p>\u2022 Various Board Memberships in select group companies<\/p>\n\n\n\n<p>07\/2012 \u2013 07\/2013<br>Global Senior Advisor Risk Management for ABB Ltd., Z\u00fcrich\/Switzerland<\/p>\n\n\n\n<p>07\/2013 to date:<br>Attorney-at-Law in private practice in Heidelberg\/Germany<\/p>\n\n\n\n<p>Memberships:<br>\u2013 1989 until 11\/2013: Member of Board of \u201cInsurance Committee of the Association of German Industries\u201d (BDI) Berlin, Germany, from 2006 Chairperson<\/p>\n\n\n\n<p>\u2013 Until 04\/2013: Member of the Board of \u201cDeutscher Versicherungs-Schutzverband\u201d (DVS) Bonn, Germany<\/p>\n\n\n\n<p>\u2013 Until 09\/2012: Member of the Board bfv \u2013 Bundesverband firmenverbundener Versicherungsvermittler<\/p>\n\n\n\n<p>\u2013 From 1989 until 11\/2013: multiple membership in committees of \u201cFederation of European Risk Management Associations\u201d (FERMA), Brussels<\/p>\n\n\n\n<p>Born 1947 in Oldenburg, married, 2 Adult Children. Personal Interest in Historic &amp; Political Literature, Music, Sporting Activities.<\/p>\n<\/div><\/div>","protected":false},"excerpt":{"rendered":"<p>1968 \u2013 1974Studium der Rechtswissenschaften in Hamburg und San Diego, Calif.\/U.S.A. 1974Staatsexamen Universit\u00e4t Hamburg 1976Gro\u00dfe Juristische Staatspr\u00fcfung OLG Hamburg\/Zulassung als Rechtsanwalt in Baden-W\u00fcrttemberg 1977 \u2013 2012\u2022 Rechtsanwalt mit unterschiedlichen Aufgaben bei BBC AG und ABB Group Legal 1989 \u2013 07\/2012\u2022 Direktor f\u00fcr Risk Management f\u00fcr alle deutschen ABB Gesellschaften und Gesch\u00e4ftsf\u00fchrer von KOMPOSIT GmbH, dem &hellip;<\/p>","protected":false},"author":2,"featured_media":209,"parent":206,"menu_order":3,"comment_status":"closed","ping_status":"closed","template":"","meta":{"footnotes":""},"class_list":["post-252","page","type-page","status-publish","has-post-thumbnail","hentry"],"_links":{"self":[{"href":"https:\/\/droese-partner.com\/en\/wp-json\/wp\/v2\/pages\/252","targetHints":{"allow":["GET"]}}],"collection":[{"href":"https:\/\/droese-partner.com\/en\/wp-json\/wp\/v2\/pages"}],"about":[{"href":"https:\/\/droese-partner.com\/en\/wp-json\/wp\/v2\/types\/page"}],"author":[{"embeddable":true,"href":"https:\/\/droese-partner.com\/en\/wp-json\/wp\/v2\/users\/2"}],"replies":[{"embeddable":true,"href":"https:\/\/droese-partner.com\/en\/wp-json\/wp\/v2\/comments?post=252"}],"version-history":[{"count":2,"href":"https:\/\/droese-partner.com\/en\/wp-json\/wp\/v2\/pages\/252\/revisions"}],"predecessor-version":[{"id":256,"href":"https:\/\/droese-partner.com\/en\/wp-json\/wp\/v2\/pages\/252\/revisions\/256"}],"up":[{"embeddable":true,"href":"https:\/\/droese-partner.com\/en\/wp-json\/wp\/v2\/pages\/206"}],"wp:featuredmedia":[{"embeddable":true,"href":"https:\/\/droese-partner.com\/en\/wp-json\/wp\/v2\/media\/209"}],"wp:attachment":[{"href":"https:\/\/droese-partner.com\/en\/wp-json\/wp\/v2\/media?parent=252"}],"curies":[{"name":"wp","href":"https:\/\/api.w.org\/{rel}","templated":true}]}}