{"id":62,"date":"2022-01-14T18:19:24","date_gmt":"2022-01-14T18:19:24","guid":{"rendered":"https:\/\/droese-partner.com\/?page_id=62"},"modified":"2022-01-20T15:16:39","modified_gmt":"2022-01-20T15:16:39","slug":"beratung","status":"publish","type":"page","link":"https:\/\/droese-partner.com\/de_de\/beratung\/","title":{"rendered":"Beratung"},"content":{"rendered":"\n<div class=\"wp-block-group alignwide\"><div class=\"wp-block-group__inner-container is-layout-flow wp-block-group-is-layout-flow\">\n<div class=\"wp-block-media-text alignwide is-vertically-aligned-top\" style=\"grid-template-columns:20% auto\"><figure class=\"wp-block-media-text__media\"><img loading=\"lazy\" decoding=\"async\" width=\"200\" height=\"400\" src=\"https:\/\/droese-partner.com\/wp-content\/uploads\/2022\/01\/grafik-links_beratung_plus.png\" alt=\"\" class=\"wp-image-117 size-full\" srcset=\"https:\/\/droese-partner.com\/wp-content\/uploads\/2022\/01\/grafik-links_beratung_plus.png 200w, https:\/\/droese-partner.com\/wp-content\/uploads\/2022\/01\/grafik-links_beratung_plus-150x300.png 150w\" sizes=\"auto, (max-width: 200px) 100vw, 200px\" \/><\/figure><div class=\"wp-block-media-text__content\">\n<p> Unsere Beratung erstreckt sich auf: <\/p>\n\n\n\n<ul class=\"wp-block-list\"><li>Strategische Fragen und grunds\u00e4tzliche Regelungen und Strukturen<\/li><li>Risikoermittlung, -bewertung, -transfer, alle Versicherungssparten inkl. Personenversicherungen<\/li><li>Internal Controlling System (nach BilMoG\/KonTraG), Cash-Pool-System, Expatriates Betreuung<\/li><li>Risk-Engineering<\/li><li>Internationale Versicherungsprogramme &amp; Compliance, \u00dcberpr\u00fcfung von Versicherungsvertr\u00e4gen<\/li><li>Outsourcing und Risiko<\/li><li>Captives: Strategie \u2013 Aufbau \u2013 Underwriting\/Accounting \u2013 Management \u2013 RV\/Retrozession \u2013 Entwicklung<\/li><li>Basel II\/III \u2013 Operational Risk<\/li><li>Solvency II \u2013 Anforderungen f\u00fcr Captives<\/li><li>Haftung von Organmitgliedern vs. D&amp;O Versicherung, Compliance Management<\/li><li>Mediation im Schaden- und Streitfall mit Ihren Vertragspartnern im Versicherungsbereich<\/li><\/ul>\n\n\n\n<div style=\"height:88px\" aria-hidden=\"true\" class=\"wp-block-spacer\"><\/div>\n<\/div><\/div>\n<\/div><\/div>\n","protected":false},"excerpt":{"rendered":"<p>Unsere Beratung erstreckt sich auf: Strategische Fragen und grunds\u00e4tzliche Regelungen und Strukturen Risikoermittlung, -bewertung, -transfer, alle Versicherungssparten inkl. Personenversicherungen Internal Controlling System (nach BilMoG\/KonTraG), Cash-Pool-System, Expatriates Betreuung Risk-Engineering Internationale Versicherungsprogramme &amp; Compliance, \u00dcberpr\u00fcfung von Versicherungsvertr\u00e4gen Outsourcing und Risiko Captives: Strategie \u2013 Aufbau \u2013 Underwriting\/Accounting \u2013 Management \u2013 RV\/Retrozession \u2013 Entwicklung Basel II\/III \u2013 Operational Risk &hellip;<\/p>\n","protected":false},"author":2,"featured_media":64,"parent":0,"menu_order":1,"comment_status":"closed","ping_status":"closed","template":"","meta":{"footnotes":""},"class_list":["post-62","page","type-page","status-publish","has-post-thumbnail","hentry"],"_links":{"self":[{"href":"https:\/\/droese-partner.com\/de_de\/wp-json\/wp\/v2\/pages\/62","targetHints":{"allow":["GET"]}}],"collection":[{"href":"https:\/\/droese-partner.com\/de_de\/wp-json\/wp\/v2\/pages"}],"about":[{"href":"https:\/\/droese-partner.com\/de_de\/wp-json\/wp\/v2\/types\/page"}],"author":[{"embeddable":true,"href":"https:\/\/droese-partner.com\/de_de\/wp-json\/wp\/v2\/users\/2"}],"replies":[{"embeddable":true,"href":"https:\/\/droese-partner.com\/de_de\/wp-json\/wp\/v2\/comments?post=62"}],"version-history":[{"count":26,"href":"https:\/\/droese-partner.com\/de_de\/wp-json\/wp\/v2\/pages\/62\/revisions"}],"predecessor-version":[{"id":396,"href":"https:\/\/droese-partner.com\/de_de\/wp-json\/wp\/v2\/pages\/62\/revisions\/396"}],"wp:featuredmedia":[{"embeddable":true,"href":"https:\/\/droese-partner.com\/de_de\/wp-json\/wp\/v2\/media\/64"}],"wp:attachment":[{"href":"https:\/\/droese-partner.com\/de_de\/wp-json\/wp\/v2\/media?parent=62"}],"curies":[{"name":"wp","href":"https:\/\/api.w.org\/{rel}","templated":true}]}}