{"id":361,"date":"2022-01-19T12:47:56","date_gmt":"2022-01-19T12:47:56","guid":{"rendered":"https:\/\/droese-partner.com\/?page_id=361"},"modified":"2022-01-19T12:49:31","modified_gmt":"2022-01-19T12:49:31","slug":"wolfgang-rief","status":"publish","type":"page","link":"https:\/\/droese-partner.com\/de_de\/partner-experten\/wolfgang-rief\/","title":{"rendered":"Wolfgang Rief"},"content":{"rendered":"\n<div class=\"wp-block-media-text alignwide is-vertically-aligned-top\" style=\"grid-template-columns:20% auto\"><figure class=\"wp-block-media-text__media\"><img loading=\"lazy\" decoding=\"async\" width=\"200\" height=\"400\" src=\"https:\/\/droese-partner.com\/wp-content\/uploads\/2022\/01\/portrait_rief01.png\" alt=\"\" class=\"wp-image-335 size-full\" srcset=\"https:\/\/droese-partner.com\/wp-content\/uploads\/2022\/01\/portrait_rief01.png 200w, https:\/\/droese-partner.com\/wp-content\/uploads\/2022\/01\/portrait_rief01-150x300.png 150w, https:\/\/droese-partner.com\/wp-content\/uploads\/2022\/01\/portrait_rief01-6x12.png 6w\" sizes=\"auto, (max-width: 200px) 100vw, 200px\" \/><\/figure><div class=\"wp-block-media-text__content\">\n<p>Dipl. Kfm.\/Diplom Betriebswirt grad.<\/p>\n\n\n\n<p>Seit 12\/2012<br>Beratung, Training und Unterst\u00fctzung von Versicherern im Zusammenhang mit Ratings, Risk Management und Governance<\/p>\n\n\n\n<p>2000 \u2013 11\/2012<br>Standard &amp; Poor\u2019s Niederlassung in Frankfurt<br>\u2022 als Primary oder Senior Analyst (abh\u00e4ngig von Rotationsprinzipien) in Deutschland, \u00d6sterreich, Schweiz, Frankreich, Gro\u00dfbritannien und den Vereinigten Arabischen Emiraten Versicherer wie Allianz, M\u00fcnchner R\u00fcck, R+V, W&amp;W, Gothaer, VHV, Vienna Insurance Group und UNIQA betreut.<br>\u2022 Wesentlicher Beitrag zum Ausbau der Reputation und des Gesch\u00e4fts mit interaktiven Ratings in Deutschland und \u00d6sterreich<br>\u2022 Aktive Beteiligung an der Weiterentwicklung von Kriterien und hiermit zusammenh\u00e4ngenden Themen<br>\u2022 Mitglied des S&amp;P Projektteams f\u00fcr Solvency II<br>\u2022 Zahlreiche Pr\u00e4sentationen und Ver\u00f6ffentlichungen zu den Themen Versicherungsratings, Solvency II und Enterprise Risk Management<\/p>\n\n\n\n<p>1980 \u2013 2000<br>Gerling-Konzern, Abteilungsdirektor<br>\u2022 Nach Trainee im Bereich R\u00fcckversicherung in der Auslandsholding zust\u00e4ndig f\u00fcr Beteiligungscontrolling und Steuerung der ausl\u00e4ndischen Tochtergesellschaften<br>\u2022 Nach Umstrukturierungen aktiv im Konzerncontrolling und im Aufbau der wertorientierten Steuerung<br>\u2022 F\u00fchrende Funktion im Aufbau der Ratingprozesse f\u00fcr den Konzern und wesentliche Tochtergesellschaften<\/p>\n\n\n\n<p>1976 \u2013 1980<br>Gesamtverband der Deutschen Versicherungswirtschaft<br>\u2022 Assistent der Gesch\u00e4ftsleitung<\/p>\n\n\n\n<p>Ausbildung<br>1971 \u2013 1976<br>Universit\u00e4t zu K\u00f6ln<br>Studium der Betriebswirtschaftslehre mit Spezialgebieten Versicherungswissenschaft, Organisationslehre, Marketing. Abschluss: Diplomkaufmann<\/p>\n\n\n\n<p>1970 \u2013 1974<br>Fachhochschule K\u00f6ln<br>Studium der Versicherungs-Betriebswirtschaft mit Schwerpunkten Sachversicherung, Haftpflichtversicherung, Lebensversicherung, Philosophie. Abschluss: Betriebswirt grad.<\/p>\n\n\n\n<p>1968 \u2013 1970<br>Gothaer Versicherungsgruppe, Lehre<\/p>\n\n\n\n<p>Geboren am 6. September 1949 in G\u00f6ttingen<\/p>\n<\/div><\/div>\n","protected":false},"excerpt":{"rendered":"<p>Dipl. Kfm.\/Diplom Betriebswirt grad. Seit 12\/2012Beratung, Training und Unterst\u00fctzung von Versicherern im Zusammenhang mit Ratings, Risk Management und Governance 2000 \u2013 11\/2012Standard &amp; Poor\u2019s Niederlassung in Frankfurt\u2022 als Primary oder Senior Analyst (abh\u00e4ngig von Rotationsprinzipien) in Deutschland, \u00d6sterreich, Schweiz, Frankreich, Gro\u00dfbritannien und den Vereinigten Arabischen Emiraten Versicherer wie Allianz, M\u00fcnchner R\u00fcck, R+V, W&amp;W, Gothaer, VHV, &hellip;<\/p>\n","protected":false},"author":2,"featured_media":209,"parent":206,"menu_order":0,"comment_status":"closed","ping_status":"closed","template":"","meta":{"footnotes":""},"class_list":["post-361","page","type-page","status-publish","has-post-thumbnail","hentry"],"_links":{"self":[{"href":"https:\/\/droese-partner.com\/de_de\/wp-json\/wp\/v2\/pages\/361","targetHints":{"allow":["GET"]}}],"collection":[{"href":"https:\/\/droese-partner.com\/de_de\/wp-json\/wp\/v2\/pages"}],"about":[{"href":"https:\/\/droese-partner.com\/de_de\/wp-json\/wp\/v2\/types\/page"}],"author":[{"embeddable":true,"href":"https:\/\/droese-partner.com\/de_de\/wp-json\/wp\/v2\/users\/2"}],"replies":[{"embeddable":true,"href":"https:\/\/droese-partner.com\/de_de\/wp-json\/wp\/v2\/comments?post=361"}],"version-history":[{"count":2,"href":"https:\/\/droese-partner.com\/de_de\/wp-json\/wp\/v2\/pages\/361\/revisions"}],"predecessor-version":[{"id":364,"href":"https:\/\/droese-partner.com\/de_de\/wp-json\/wp\/v2\/pages\/361\/revisions\/364"}],"up":[{"embeddable":true,"href":"https:\/\/droese-partner.com\/de_de\/wp-json\/wp\/v2\/pages\/206"}],"wp:featuredmedia":[{"embeddable":true,"href":"https:\/\/droese-partner.com\/de_de\/wp-json\/wp\/v2\/media\/209"}],"wp:attachment":[{"href":"https:\/\/droese-partner.com\/de_de\/wp-json\/wp\/v2\/media?parent=361"}],"curies":[{"name":"wp","href":"https:\/\/api.w.org\/{rel}","templated":true}]}}