{"id":357,"date":"2022-01-19T12:45:25","date_gmt":"2022-01-19T12:45:25","guid":{"rendered":"https:\/\/droese-partner.com\/?page_id=357"},"modified":"2022-01-20T15:12:04","modified_gmt":"2022-01-20T15:12:04","slug":"dr-ing-peter-klatt","status":"publish","type":"page","link":"https:\/\/droese-partner.com\/de_de\/partner-experten\/dr-ing-peter-klatt\/","title":{"rendered":"Dr.-Ing. Peter Klatt"},"content":{"rendered":"\n<div class=\"wp-block-media-text alignwide is-vertically-aligned-top\" style=\"grid-template-columns:20% auto\"><figure class=\"wp-block-media-text__media\"><img loading=\"lazy\" decoding=\"async\" width=\"200\" height=\"400\" src=\"https:\/\/droese-partner.com\/wp-content\/uploads\/2022\/01\/portrait_klatt01.png\" alt=\"\" class=\"wp-image-333 size-full\" srcset=\"https:\/\/droese-partner.com\/wp-content\/uploads\/2022\/01\/portrait_klatt01.png 200w, https:\/\/droese-partner.com\/wp-content\/uploads\/2022\/01\/portrait_klatt01-150x300.png 150w, https:\/\/droese-partner.com\/wp-content\/uploads\/2022\/01\/portrait_klatt01-6x12.png 6w\" sizes=\"auto, (max-width: 200px) 100vw, 200px\" \/><\/figure><div class=\"wp-block-media-text__content\">\n<p>39 Jahre Erfahrung in der industriellen Versicherung<\/p>\n\n\n\n<p>15 Jahre in der Versicherungswirtschaft 1983 \u2013 1997<\/p>\n\n\n\n<p>Gesellschaften: K\u00f6lnische R\u00fcckversicherung, UAP (jetzt AXA), Gerling, Zurich<\/p>\n\n\n\n<p>15 Jahre als Gesch\u00e4ftsf\u00fchrer eines firmeneigenen Versicherungsvermittlers und Chairman of the Board der jeweiligen Captives<\/p>\n\n\n\n<p>Gesellschaften: ARBED, fusioniert zu Arcelor, fusioniert zu ArcelorMittal, BMW<\/p>\n\n\n\n<p>Seit 2013 selbst\u00e4ndiger Berater in der industriellen Versicherung<\/p>\n\n\n\n<p>Schwerpunkte: Strategie, Organisation, Personal<\/p>\n\n\n\n<p>Jahrgang 1952<\/p>\n<\/div><\/div>\n\n\n\n<div style=\"height:75px\" aria-hidden=\"true\" class=\"wp-block-spacer\"><\/div>\n","protected":false},"excerpt":{"rendered":"<p>39 Jahre Erfahrung in der industriellen Versicherung 15 Jahre in der Versicherungswirtschaft 1983 \u2013 1997 Gesellschaften: K\u00f6lnische R\u00fcckversicherung, UAP (jetzt AXA), Gerling, Zurich 15 Jahre als Gesch\u00e4ftsf\u00fchrer eines firmeneigenen Versicherungsvermittlers und Chairman of the Board der jeweiligen Captives Gesellschaften: ARBED, fusioniert zu Arcelor, fusioniert zu ArcelorMittal, BMW Seit 2013 selbst\u00e4ndiger Berater in der industriellen Versicherung &hellip;<\/p>\n","protected":false},"author":2,"featured_media":209,"parent":206,"menu_order":0,"comment_status":"closed","ping_status":"closed","template":"","meta":{"footnotes":""},"class_list":["post-357","page","type-page","status-publish","has-post-thumbnail","hentry"],"_links":{"self":[{"href":"https:\/\/droese-partner.com\/de_de\/wp-json\/wp\/v2\/pages\/357","targetHints":{"allow":["GET"]}}],"collection":[{"href":"https:\/\/droese-partner.com\/de_de\/wp-json\/wp\/v2\/pages"}],"about":[{"href":"https:\/\/droese-partner.com\/de_de\/wp-json\/wp\/v2\/types\/page"}],"author":[{"embeddable":true,"href":"https:\/\/droese-partner.com\/de_de\/wp-json\/wp\/v2\/users\/2"}],"replies":[{"embeddable":true,"href":"https:\/\/droese-partner.com\/de_de\/wp-json\/wp\/v2\/comments?post=357"}],"version-history":[{"count":5,"href":"https:\/\/droese-partner.com\/de_de\/wp-json\/wp\/v2\/pages\/357\/revisions"}],"predecessor-version":[{"id":395,"href":"https:\/\/droese-partner.com\/de_de\/wp-json\/wp\/v2\/pages\/357\/revisions\/395"}],"up":[{"embeddable":true,"href":"https:\/\/droese-partner.com\/de_de\/wp-json\/wp\/v2\/pages\/206"}],"wp:featuredmedia":[{"embeddable":true,"href":"https:\/\/droese-partner.com\/de_de\/wp-json\/wp\/v2\/media\/209"}],"wp:attachment":[{"href":"https:\/\/droese-partner.com\/de_de\/wp-json\/wp\/v2\/media?parent=357"}],"curies":[{"name":"wp","href":"https:\/\/api.w.org\/{rel}","templated":true}]}}