{"id":352,"date":"2022-01-19T12:43:14","date_gmt":"2022-01-19T12:43:14","guid":{"rendered":"https:\/\/droese-partner.com\/?page_id=352"},"modified":"2022-01-19T12:44:36","modified_gmt":"2022-01-19T12:44:36","slug":"hartmut-jaeger","status":"publish","type":"page","link":"https:\/\/droese-partner.com\/de_de\/partner-experten\/hartmut-jaeger\/","title":{"rendered":"Hartmut Jaeger"},"content":{"rendered":"\n<div class=\"wp-block-media-text alignwide is-vertically-aligned-top\" style=\"grid-template-columns:20% auto\"><figure class=\"wp-block-media-text__media\"><img loading=\"lazy\" decoding=\"async\" width=\"200\" height=\"400\" src=\"https:\/\/droese-partner.com\/wp-content\/uploads\/2022\/01\/portrait_hartmut-jaeger.png\" alt=\"\" class=\"wp-image-332 size-full\" srcset=\"https:\/\/droese-partner.com\/wp-content\/uploads\/2022\/01\/portrait_hartmut-jaeger.png 200w, https:\/\/droese-partner.com\/wp-content\/uploads\/2022\/01\/portrait_hartmut-jaeger-150x300.png 150w, https:\/\/droese-partner.com\/wp-content\/uploads\/2022\/01\/portrait_hartmut-jaeger-6x12.png 6w\" sizes=\"auto, (max-width: 200px) 100vw, 200px\" \/><\/figure><div class=\"wp-block-media-text__content\">\n<p>Strategic Sourcing Advisory<\/p>\n\n\n\n<p>Hartmut Jaeger hat mehr als 30 Jahre Erfahrung in der Beratung, operativem IT-Management und der Vertriebsleitung in global operierenden Unternehmen. Seine Arbeit f\u00fcr viele internationale Kunden umfasst die Entwicklung von Sourcing-Strategien, Service Management-Strukturen, Transparenz- und Risikoanalysen und Vertragsverhandlungen. Weiterhin entwickelt Hartmut Jaeger Werkzeuge f\u00fcr die Unterst\u00fctzung des Beratungsprozesses, um mehr Transparenz und Effizienz f\u00fcr seine Kunden zu schaffen.<\/p>\n\n\n\n<p>Hartmut Jaeger hat sich dar\u00fcber hinaus intensiv mit der Zusammenarbeit zwischen Dienstleistern und Kunden und der Steuerung globaler Projektteams auseinandergesetzt. In Zusammenarbeit mit der pliXos GmbH entwickelt er neue Modelle f\u00fcr das Risikomanagement in Sourcing-Beziehungen, aufbauend auf einer effizienten Governance und Lieferanten-Steuerung.<\/p>\n\n\n\n<p>Bevor Hartmut Jaeger seine Zusammenarbeit mit der pliXos GmbH begonnen hat war er f\u00fcr Strategic Sourcing Advisory bei der HDP Management Consulting verantwortlich. Davor war er als Mitglied der Gesch\u00e4ftsleitung bei der PA Consulting Group und Direktor bei TPI EuroSourcing (heute ISG-one) f\u00fcr Markt- und Produktentwicklung im Bereich Outsourcing und eine Reihe gro\u00dfer europ\u00e4ischer Kunden verantwortlich. Davor f\u00fchrte er eine eigene Beratungsgesellschaft mit dem Schwerpunkt Service Level Management und Gestaltung von Servicevertr\u00e4gen, hatte bei Sun Microsystems die globale Verantwortung f\u00fcr den Kunden Deutsche Bank. Bei EDS war er als Vertriebsleiter f\u00fcr Outsourcing- und Systemintegrationsprojekte in der Finanzindustrie zust\u00e4ndig.<\/p>\n\n\n\n<p>Den gr\u00f6\u00dften Teil seiner beruflichen Karriere verbrachte Hartmut Jaeger bei der Deutschen Bank als Leiter der Anwendungsentwicklung im Investment Banking Research und als verantwortlicher Betriebsleiter f\u00fcr die Handelsraumtechnologie.<\/p>\n\n\n\n<p>Hartmut Jaeger hat seine berufliche Laufbahn bei der SESA Deutschland als Systemingenieur und bei der Interactive Data als Consultant Manager und Gesch\u00e4ftsf\u00fchrer begonnen. Er hat einen Abschluss als Diplom-Ingenieur in Mathematik und Informatik von TH Darmstadt.<\/p>\n<\/div><\/div>\n","protected":false},"excerpt":{"rendered":"<p>Strategic Sourcing Advisory Hartmut Jaeger hat mehr als 30 Jahre Erfahrung in der Beratung, operativem IT-Management und der Vertriebsleitung in global operierenden Unternehmen. Seine Arbeit f\u00fcr viele internationale Kunden umfasst die Entwicklung von Sourcing-Strategien, Service Management-Strukturen, Transparenz- und Risikoanalysen und Vertragsverhandlungen. Weiterhin entwickelt Hartmut Jaeger Werkzeuge f\u00fcr die Unterst\u00fctzung des Beratungsprozesses, um mehr Transparenz und &hellip;<\/p>\n","protected":false},"author":2,"featured_media":209,"parent":206,"menu_order":0,"comment_status":"closed","ping_status":"closed","template":"","meta":{"footnotes":""},"class_list":["post-352","page","type-page","status-publish","has-post-thumbnail","hentry"],"_links":{"self":[{"href":"https:\/\/droese-partner.com\/de_de\/wp-json\/wp\/v2\/pages\/352","targetHints":{"allow":["GET"]}}],"collection":[{"href":"https:\/\/droese-partner.com\/de_de\/wp-json\/wp\/v2\/pages"}],"about":[{"href":"https:\/\/droese-partner.com\/de_de\/wp-json\/wp\/v2\/types\/page"}],"author":[{"embeddable":true,"href":"https:\/\/droese-partner.com\/de_de\/wp-json\/wp\/v2\/users\/2"}],"replies":[{"embeddable":true,"href":"https:\/\/droese-partner.com\/de_de\/wp-json\/wp\/v2\/comments?post=352"}],"version-history":[{"count":3,"href":"https:\/\/droese-partner.com\/de_de\/wp-json\/wp\/v2\/pages\/352\/revisions"}],"predecessor-version":[{"id":356,"href":"https:\/\/droese-partner.com\/de_de\/wp-json\/wp\/v2\/pages\/352\/revisions\/356"}],"up":[{"embeddable":true,"href":"https:\/\/droese-partner.com\/de_de\/wp-json\/wp\/v2\/pages\/206"}],"wp:featuredmedia":[{"embeddable":true,"href":"https:\/\/droese-partner.com\/de_de\/wp-json\/wp\/v2\/media\/209"}],"wp:attachment":[{"href":"https:\/\/droese-partner.com\/de_de\/wp-json\/wp\/v2\/media?parent=352"}],"curies":[{"name":"wp","href":"https:\/\/api.w.org\/{rel}","templated":true}]}}