{"id":348,"date":"2022-01-19T12:39:55","date_gmt":"2022-01-19T12:39:55","guid":{"rendered":"https:\/\/droese-partner.com\/?page_id=348"},"modified":"2022-01-19T12:42:04","modified_gmt":"2022-01-19T12:42:04","slug":"frederick-gabriel","status":"publish","type":"page","link":"https:\/\/droese-partner.com\/de_de\/partner-experten\/frederick-gabriel\/","title":{"rendered":"Frederick Gabriel"},"content":{"rendered":"\n<div class=\"wp-block-media-text alignwide is-vertically-aligned-top\" style=\"grid-template-columns:20% auto\"><figure class=\"wp-block-media-text__media\"><img loading=\"lazy\" decoding=\"async\" width=\"200\" height=\"400\" src=\"https:\/\/droese-partner.com\/wp-content\/uploads\/2022\/01\/portrait_gabriel01.png\" alt=\"\" class=\"wp-image-331 size-full\" srcset=\"https:\/\/droese-partner.com\/wp-content\/uploads\/2022\/01\/portrait_gabriel01.png 200w, https:\/\/droese-partner.com\/wp-content\/uploads\/2022\/01\/portrait_gabriel01-150x300.png 150w, https:\/\/droese-partner.com\/wp-content\/uploads\/2022\/01\/portrait_gabriel01-6x12.png 6w\" sizes=\"auto, (max-width: 200px) 100vw, 200px\" \/><\/figure><div class=\"wp-block-media-text__content\">\n<p>Frederick Gabriel begann seine berufliche Laufbahn als Versicherungskaufmann bei der Royal Insurance Company in London.<\/p>\n\n\n\n<p>Angeregt durch die Entwicklung des Captivemarktes in den sp\u00e4ten 70er Jahren wechselte er in das Londoner B\u00fcro von IRMG (Fred Reiss), Bermuda, und betreute US-Kunden in Europa und bot europ\u00e4ischen Gesellschaften Captivegr\u00fcndungen an.<\/p>\n\n\n\n<p>In dieser Funktion sammelte er umfangreiche Erfahrung \u00fcber Captivestandorte, die Optimierung von Risiko Transfer Strategien und die Zusammenarbeit mit internationalen Versicherern zur Strukturierung und Platzierung von internationalen Programmen.<\/p>\n\n\n\n<p>In 1988 er\u00f6ffnete er in Luxemburg das AIG Captive Management B\u00fcro; danach folgte ein Wechsel zu GECALUX (heute AON) als Gesch\u00e4ftsf\u00fchrer. In dieser Rolle gelang es ihm durch Akquisitionen auch in Asien f\u00fcr japanische Kunden in Luxemburg und der Schweiz Captives einzurichten.<\/p>\n\n\n\n<p>Er wechselte 2001 zu Marsh als Business Development Leader f\u00fcr die Region EMEA und in aktiver Zusammenarbeit mit dem Versicherungsmakler wurde er vertraut mit den Auswirkungen von Solvency II, sowohl in den Aktuar- als auch den Lobbyfunktionen.<\/p>\n\n\n\n<p>Neben seinen zahlreichen Mandaten als Captive Board Member von internationalen Kunden hat er regelm\u00e4\u00dfig als Redner und Autor in seinem Fachbereich engagiert seine Beitr\u00e4ge geleistet.<\/p>\n\n\n\n<p>W\u00e4hrend der letzten beiden Jahre vor Ende seiner aktiven Karriere leitete Frederick f\u00fcr Marsh das Maklerb\u00fcro in Luxemburg und gr\u00fcndete lokal APCAL (Maklerverband), der ihn f\u00fcr 2012 und 2013 zum Pr\u00e4sidenten w\u00e4hlte.<\/p>\n\n\n\n<p>Frederick erhielt seine Ausbildung in UK, erhielt ein Diplom in Recht und Wirtschaft und besitzt ein Zertifikat als Associate of the Chartered Insurance Institute.<\/p>\n\n\n\n<p>Frederick wurde 1946 geboren, ist verheiratet und Vater von drei Kindern.<\/p>\n<\/div><\/div>\n","protected":false},"excerpt":{"rendered":"<p>Frederick Gabriel begann seine berufliche Laufbahn als Versicherungskaufmann bei der Royal Insurance Company in London. Angeregt durch die Entwicklung des Captivemarktes in den sp\u00e4ten 70er Jahren wechselte er in das Londoner B\u00fcro von IRMG (Fred Reiss), Bermuda, und betreute US-Kunden in Europa und bot europ\u00e4ischen Gesellschaften Captivegr\u00fcndungen an. In dieser Funktion sammelte er umfangreiche Erfahrung &hellip;<\/p>\n","protected":false},"author":2,"featured_media":209,"parent":206,"menu_order":0,"comment_status":"closed","ping_status":"closed","template":"","meta":{"footnotes":""},"class_list":["post-348","page","type-page","status-publish","has-post-thumbnail","hentry"],"_links":{"self":[{"href":"https:\/\/droese-partner.com\/de_de\/wp-json\/wp\/v2\/pages\/348","targetHints":{"allow":["GET"]}}],"collection":[{"href":"https:\/\/droese-partner.com\/de_de\/wp-json\/wp\/v2\/pages"}],"about":[{"href":"https:\/\/droese-partner.com\/de_de\/wp-json\/wp\/v2\/types\/page"}],"author":[{"embeddable":true,"href":"https:\/\/droese-partner.com\/de_de\/wp-json\/wp\/v2\/users\/2"}],"replies":[{"embeddable":true,"href":"https:\/\/droese-partner.com\/de_de\/wp-json\/wp\/v2\/comments?post=348"}],"version-history":[{"count":2,"href":"https:\/\/droese-partner.com\/de_de\/wp-json\/wp\/v2\/pages\/348\/revisions"}],"predecessor-version":[{"id":351,"href":"https:\/\/droese-partner.com\/de_de\/wp-json\/wp\/v2\/pages\/348\/revisions\/351"}],"up":[{"embeddable":true,"href":"https:\/\/droese-partner.com\/de_de\/wp-json\/wp\/v2\/pages\/206"}],"wp:featuredmedia":[{"embeddable":true,"href":"https:\/\/droese-partner.com\/de_de\/wp-json\/wp\/v2\/media\/209"}],"wp:attachment":[{"href":"https:\/\/droese-partner.com\/de_de\/wp-json\/wp\/v2\/media?parent=348"}],"curies":[{"name":"wp","href":"https:\/\/api.w.org\/{rel}","templated":true}]}}