{"id":343,"date":"2022-01-19T12:37:21","date_gmt":"2022-01-19T12:37:21","guid":{"rendered":"https:\/\/droese-partner.com\/?page_id=343"},"modified":"2022-01-19T13:05:04","modified_gmt":"2022-01-19T13:05:04","slug":"prof-dr-rainer-freise","status":"publish","type":"page","link":"https:\/\/droese-partner.com\/de_de\/partner-experten\/prof-dr-rainer-freise\/","title":{"rendered":"Prof. Dr. Rainer Freise"},"content":{"rendered":"\n<div class=\"wp-block-media-text alignwide is-vertically-aligned-top\" style=\"grid-template-columns:20% auto\"><figure class=\"wp-block-media-text__media\"><img loading=\"lazy\" decoding=\"async\" width=\"200\" height=\"400\" src=\"https:\/\/droese-partner.com\/wp-content\/uploads\/2022\/01\/portrait_r-freise02.png\" alt=\"\" class=\"wp-image-334 size-full\" srcset=\"https:\/\/droese-partner.com\/wp-content\/uploads\/2022\/01\/portrait_r-freise02.png 200w, https:\/\/droese-partner.com\/wp-content\/uploads\/2022\/01\/portrait_r-freise02-150x300.png 150w, https:\/\/droese-partner.com\/wp-content\/uploads\/2022\/01\/portrait_r-freise02-6x12.png 6w\" sizes=\"auto, (max-width: 200px) 100vw, 200px\" \/><\/figure><div class=\"wp-block-media-text__content\">\n<p>Jahrzehntelang aktive Teilnahme an der Reform des Transportrechts und insbesondere des Eisenbahnrechts; viele Jahre Mitglied und Vorsitzender der Rechtsgruppe des Internationalen Eisenbahnverbands UIC in Paris; T\u00e4tigkeit als Schiedsrichter und als Sachverst\u00e4ndiger in den Konferenzen zur Reform des \u00dcbereinkommens \u00fcber den internationalen Eisenbahnverkehr (COTIF) in Bern.<\/p>\n\n\n\n<p>Seit 2011 Berater im Eisenbahn- und Transportrecht und in Transportversicherungsfragen<\/p>\n\n\n\n<p>2006 bis 2010 Pr\u00e4sident des Internationalen Eisenbahntransportkomitees (CIT) in Bern<\/p>\n\n\n\n<p>Seit 2004 Honorarprofessor f\u00fcr Transportrecht an der Johann Wolfgang Goethe-Universit\u00e4t in Frankfurt am Main<\/p>\n\n\n\n<p>1999 bis 2010 Leiter der Versicherungsabteilung der Deutschen Bahn und gleichzeitig Gesch\u00e4ftsf\u00fchrer der DVA (Deutsche Verkehrs-Assekuranz-Vermittlungs-GmbH), des Industrieversicherungsmaklers der Deutschen Bahn Gruppe<\/p>\n\n\n\n<p>1993 bis 1998 Leiter der Rechtsabteilung (Chefjurist) der Deutschen Bahn AG<\/p>\n\n\n\n<p>1973 bis 1993 bei der Deutschen Bundesbahn,<br>1982 bis 1993 Abteilungsleiter Transportrecht<\/p>\n\n\n\n<p>Studium der Rechtswissenschaft und Promotion \u00fcber die Reform der Reederhaftung<\/p>\n\n\n\n<p>Geboren 1944, verheiratet, eine Tochter<\/p>\n<\/div><\/div>\n","protected":false},"excerpt":{"rendered":"<p>Jahrzehntelang aktive Teilnahme an der Reform des Transportrechts und insbesondere des Eisenbahnrechts; viele Jahre Mitglied und Vorsitzender der Rechtsgruppe des Internationalen Eisenbahnverbands UIC in Paris; T\u00e4tigkeit als Schiedsrichter und als Sachverst\u00e4ndiger in den Konferenzen zur Reform des \u00dcbereinkommens \u00fcber den internationalen Eisenbahnverkehr (COTIF) in Bern. Seit 2011 Berater im Eisenbahn- und Transportrecht und in Transportversicherungsfragen &hellip;<\/p>\n","protected":false},"author":2,"featured_media":209,"parent":206,"menu_order":0,"comment_status":"closed","ping_status":"closed","template":"","meta":{"footnotes":""},"class_list":["post-343","page","type-page","status-publish","has-post-thumbnail","hentry"],"_links":{"self":[{"href":"https:\/\/droese-partner.com\/de_de\/wp-json\/wp\/v2\/pages\/343","targetHints":{"allow":["GET"]}}],"collection":[{"href":"https:\/\/droese-partner.com\/de_de\/wp-json\/wp\/v2\/pages"}],"about":[{"href":"https:\/\/droese-partner.com\/de_de\/wp-json\/wp\/v2\/types\/page"}],"author":[{"embeddable":true,"href":"https:\/\/droese-partner.com\/de_de\/wp-json\/wp\/v2\/users\/2"}],"replies":[{"embeddable":true,"href":"https:\/\/droese-partner.com\/de_de\/wp-json\/wp\/v2\/comments?post=343"}],"version-history":[{"count":2,"href":"https:\/\/droese-partner.com\/de_de\/wp-json\/wp\/v2\/pages\/343\/revisions"}],"predecessor-version":[{"id":347,"href":"https:\/\/droese-partner.com\/de_de\/wp-json\/wp\/v2\/pages\/343\/revisions\/347"}],"up":[{"embeddable":true,"href":"https:\/\/droese-partner.com\/de_de\/wp-json\/wp\/v2\/pages\/206"}],"wp:featuredmedia":[{"embeddable":true,"href":"https:\/\/droese-partner.com\/de_de\/wp-json\/wp\/v2\/media\/209"}],"wp:attachment":[{"href":"https:\/\/droese-partner.com\/de_de\/wp-json\/wp\/v2\/media?parent=343"}],"curies":[{"name":"wp","href":"https:\/\/api.w.org\/{rel}","templated":true}]}}