{"id":266,"date":"2022-01-17T18:25:29","date_gmt":"2022-01-17T18:25:29","guid":{"rendered":"https:\/\/droese-partner.com\/?page_id=266"},"modified":"2022-01-19T12:06:35","modified_gmt":"2022-01-19T12:06:35","slug":"mediation","status":"publish","type":"page","link":"https:\/\/droese-partner.com\/de_de\/mediation\/","title":{"rendered":"Mediation"},"content":{"rendered":"\n<div class=\"wp-block-media-text alignwide is-vertically-aligned-top\" style=\"grid-template-columns:20% auto\"><figure class=\"wp-block-media-text__media\"><img loading=\"lazy\" decoding=\"async\" width=\"200\" height=\"400\" src=\"https:\/\/droese-partner.com\/wp-content\/uploads\/2022\/01\/grafik-mediation-links.png\" alt=\"\" class=\"wp-image-270 size-full\" srcset=\"https:\/\/droese-partner.com\/wp-content\/uploads\/2022\/01\/grafik-mediation-links.png 200w, https:\/\/droese-partner.com\/wp-content\/uploads\/2022\/01\/grafik-mediation-links-150x300.png 150w\" sizes=\"auto, (max-width: 200px) 100vw, 200px\" \/><\/figure><div class=\"wp-block-media-text__content\">\n<p>Sollten Sie bef\u00fcrchten, in eine strittige Lage mit Ihren Versicherungspartnern und Dienstleistern zu geraten oder sich bereits in einer prek\u00e4ren Diskussion befinden, dann bieten wir Ihnen an, zur Kl\u00e4rung der Sachverhalte die Vermittlung zwischen den Streitparteien zu \u00fcbernehmen, um Zeit und Kosten zu sparen.<\/p>\n\n\n\n<p>Dies gilt f\u00fcr alle F\u00e4lle aus dem Sach-\/Transport-\/TV- und Haftpflichtbereich genauso wie f\u00fcr Vorg\u00e4nge aus dem Personalbereich (soweit sie versicherungsrelevanten Hintergrund haben) oder zur Konfliktl\u00f6sung zwischen Sourcing-Partnern.<\/p>\n\n\n\n<div style=\"height:270px\" aria-hidden=\"true\" class=\"wp-block-spacer\"><\/div>\n<\/div><\/div>\n","protected":false},"excerpt":{"rendered":"","protected":false},"author":2,"featured_media":267,"parent":0,"menu_order":0,"comment_status":"closed","ping_status":"closed","template":"","meta":{"footnotes":""},"class_list":["post-266","page","type-page","status-publish","has-post-thumbnail","hentry"],"_links":{"self":[{"href":"https:\/\/droese-partner.com\/de_de\/wp-json\/wp\/v2\/pages\/266","targetHints":{"allow":["GET"]}}],"collection":[{"href":"https:\/\/droese-partner.com\/de_de\/wp-json\/wp\/v2\/pages"}],"about":[{"href":"https:\/\/droese-partner.com\/de_de\/wp-json\/wp\/v2\/types\/page"}],"author":[{"embeddable":true,"href":"https:\/\/droese-partner.com\/de_de\/wp-json\/wp\/v2\/users\/2"}],"replies":[{"embeddable":true,"href":"https:\/\/droese-partner.com\/de_de\/wp-json\/wp\/v2\/comments?post=266"}],"version-history":[{"count":4,"href":"https:\/\/droese-partner.com\/de_de\/wp-json\/wp\/v2\/pages\/266\/revisions"}],"predecessor-version":[{"id":318,"href":"https:\/\/droese-partner.com\/de_de\/wp-json\/wp\/v2\/pages\/266\/revisions\/318"}],"wp:featuredmedia":[{"embeddable":true,"href":"https:\/\/droese-partner.com\/de_de\/wp-json\/wp\/v2\/media\/267"}],"wp:attachment":[{"href":"https:\/\/droese-partner.com\/de_de\/wp-json\/wp\/v2\/media?parent=266"}],"curies":[{"name":"wp","href":"https:\/\/api.w.org\/{rel}","templated":true}]}}