{"id":252,"date":"2022-01-17T18:13:53","date_gmt":"2022-01-17T18:13:53","guid":{"rendered":"https:\/\/droese-partner.com\/?page_id=252"},"modified":"2022-01-17T18:30:13","modified_gmt":"2022-01-17T18:30:13","slug":"harry-a-daugird","status":"publish","type":"page","link":"https:\/\/droese-partner.com\/de_de\/partner-experten\/harry-a-daugird\/","title":{"rendered":"Harry A. Daugird"},"content":{"rendered":"\n<div class=\"wp-block-media-text alignwide is-vertically-aligned-top\" style=\"grid-template-columns:20% auto\"><figure class=\"wp-block-media-text__media\"><img loading=\"lazy\" decoding=\"async\" width=\"200\" height=\"400\" src=\"https:\/\/droese-partner.com\/wp-content\/uploads\/2022\/01\/portrait_daugird01.png\" alt=\"\" class=\"wp-image-253 size-full\" srcset=\"https:\/\/droese-partner.com\/wp-content\/uploads\/2022\/01\/portrait_daugird01.png 200w, https:\/\/droese-partner.com\/wp-content\/uploads\/2022\/01\/portrait_daugird01-150x300.png 150w\" sizes=\"auto, (max-width: 200px) 100vw, 200px\" \/><\/figure><div class=\"wp-block-media-text__content\">\n<p>1968 \u2013 1974<br>Studium der Rechtswissenschaften in Hamburg und San Diego, Calif.\/U.S.A.<\/p>\n\n\n\n<p>1974<br>Staatsexamen Universit\u00e4t Hamburg<\/p>\n\n\n\n<p>1976<br>Gro\u00dfe Juristische Staatspr\u00fcfung OLG Hamburg\/Zulassung als Rechtsanwalt in Baden-W\u00fcrttemberg<\/p>\n\n\n\n<p>1977 \u2013 2012<br>\u2022 Rechtsanwalt mit unterschiedlichen Aufgaben bei BBC AG und ABB Group Legal<\/p>\n\n\n\n<p>1989 \u2013 07\/2012<br>\u2022 Direktor f\u00fcr Risk Management f\u00fcr alle deutschen ABB Gesellschaften und Gesch\u00e4ftsf\u00fchrer von KOMPOSIT GmbH, dem firmenverbundenen Versicherungsmakler<\/p>\n\n\n\n<p>\u2022 Globale Verantwortung sowohl f\u00fcr die Strategie als auch die Plazierung und Koordination der Internationalen Versicherungsprogramme von ABB.<\/p>\n\n\n\n<p>\u2022 Management von Joint Venture-Vorg\u00e4ngen und M&amp;A-Projekten<\/p>\n\n\n\n<p>\u2022 Mitglied des ABB Risk Management Global Steering Committees, einschlie\u00dflich der Zust\u00e4ndigkeit f\u00fcr die Captive von ABB<\/p>\n\n\n\n<p>\u2022 diverse Verwaltungsratssitze in ausgew\u00e4hlten Gesellschaften der ABB Gruppe<\/p>\n\n\n\n<p>07\/2012 \u2013 07\/2013<br>Global Senior Advisor Risk Management f\u00fcr ABB Ltd., Z\u00fcrich\/Switzerland<\/p>\n\n\n\n<p>07\/2013 bis heute<br>selbstst\u00e4ndiger Rechtsanwalt in Heidelberg<\/p>\n\n\n\n<p>Mitgliedschaften:<br>\u2013 Vorstandsmitglied und (ab 2006) Vorsitzender des Versicherungsausschusses des Bundesverbandes der Deutschen Industrie (BDI), Berlin<\/p>\n\n\n\n<p>\u2013 bis 04\/2013: Vorstandsmitglied des Deutschen Versicherungs-Schutzverbandes (DVS), Bonn<\/p>\n\n\n\n<p>\u2013 bis 09\/2012: Vorstandsmitglied des bfv \u2013 Bundesverband firmenverbundener Versicherungsvermittler<\/p>\n\n\n\n<p>\u2013 von 1989 bis 11\/2013: mehrfache Mitgliedschaft in Organen der \u201cFederation of European Risk Management Associations\u201d (FERMA), Br\u00fcssel<\/p>\n\n\n\n<p>Geboren 1947 in Oldenburg, verheiratet, zwei erwachsene Kinder. Besonderes Interesse an historischer und politischer Literatur, Musik und Sport.<\/p>\n<\/div><\/div>\n","protected":false},"excerpt":{"rendered":"<p>1968 \u2013 1974Studium der Rechtswissenschaften in Hamburg und San Diego, Calif.\/U.S.A. 1974Staatsexamen Universit\u00e4t Hamburg 1976Gro\u00dfe Juristische Staatspr\u00fcfung OLG Hamburg\/Zulassung als Rechtsanwalt in Baden-W\u00fcrttemberg 1977 \u2013 2012\u2022 Rechtsanwalt mit unterschiedlichen Aufgaben bei BBC AG und ABB Group Legal 1989 \u2013 07\/2012\u2022 Direktor f\u00fcr Risk Management f\u00fcr alle deutschen ABB Gesellschaften und Gesch\u00e4ftsf\u00fchrer von KOMPOSIT GmbH, dem &hellip;<\/p>\n","protected":false},"author":2,"featured_media":209,"parent":206,"menu_order":3,"comment_status":"closed","ping_status":"closed","template":"","meta":{"footnotes":""},"class_list":["post-252","page","type-page","status-publish","has-post-thumbnail","hentry"],"_links":{"self":[{"href":"https:\/\/droese-partner.com\/de_de\/wp-json\/wp\/v2\/pages\/252","targetHints":{"allow":["GET"]}}],"collection":[{"href":"https:\/\/droese-partner.com\/de_de\/wp-json\/wp\/v2\/pages"}],"about":[{"href":"https:\/\/droese-partner.com\/de_de\/wp-json\/wp\/v2\/types\/page"}],"author":[{"embeddable":true,"href":"https:\/\/droese-partner.com\/de_de\/wp-json\/wp\/v2\/users\/2"}],"replies":[{"embeddable":true,"href":"https:\/\/droese-partner.com\/de_de\/wp-json\/wp\/v2\/comments?post=252"}],"version-history":[{"count":2,"href":"https:\/\/droese-partner.com\/de_de\/wp-json\/wp\/v2\/pages\/252\/revisions"}],"predecessor-version":[{"id":256,"href":"https:\/\/droese-partner.com\/de_de\/wp-json\/wp\/v2\/pages\/252\/revisions\/256"}],"up":[{"embeddable":true,"href":"https:\/\/droese-partner.com\/de_de\/wp-json\/wp\/v2\/pages\/206"}],"wp:featuredmedia":[{"embeddable":true,"href":"https:\/\/droese-partner.com\/de_de\/wp-json\/wp\/v2\/media\/209"}],"wp:attachment":[{"href":"https:\/\/droese-partner.com\/de_de\/wp-json\/wp\/v2\/media?parent=252"}],"curies":[{"name":"wp","href":"https:\/\/api.w.org\/{rel}","templated":true}]}}