{"id":247,"date":"2022-01-17T18:09:29","date_gmt":"2022-01-17T18:09:29","guid":{"rendered":"https:\/\/droese-partner.com\/?page_id=247"},"modified":"2022-01-19T12:11:57","modified_gmt":"2022-01-19T12:11:57","slug":"horst-droese","status":"publish","type":"page","link":"https:\/\/droese-partner.com\/de_de\/partner-experten\/horst-droese\/","title":{"rendered":"Horst Droese"},"content":{"rendered":"\n<div class=\"wp-block-media-text alignwide is-vertically-aligned-top\" style=\"grid-template-columns:20% auto\"><figure class=\"wp-block-media-text__media\"><img loading=\"lazy\" decoding=\"async\" width=\"200\" height=\"400\" src=\"https:\/\/droese-partner.com\/wp-content\/uploads\/2022\/01\/portrait_horst-d.png\" alt=\"\" class=\"wp-image-248 size-full\" srcset=\"https:\/\/droese-partner.com\/wp-content\/uploads\/2022\/01\/portrait_horst-d.png 200w, https:\/\/droese-partner.com\/wp-content\/uploads\/2022\/01\/portrait_horst-d-150x300.png 150w\" sizes=\"auto, (max-width: 200px) 100vw, 200px\" \/><\/figure><div class=\"wp-block-media-text__content\">\n<p>Seine Kernkompetenzen liegen in<\/p>\n\n\n\n<p>\u2013 Erfahrung mit internationalen Industrieunternehmen<\/p>\n\n\n\n<p>\u2013 Abschlusssicher in deutsch, IFRS, US GAAP<\/p>\n\n\n\n<p>\u2013 Umfangreiche Kenntnisse mit IT-Systemen und Personal<\/p>\n\n\n\n<p>\u2013 Qualifiziert f\u00fcr situative und personenbezogene Personalf\u00fchrung und Motivation<\/p>\n\n\n\n<p>Mit seiner langj\u00e4hrigen Erfahrung in den Bereichen Finanz- und Rechnungswesen, Controlling, Personal und IT ber\u00e4t er mit insbesondere zu folgenden Themen:<\/p>\n\n\n\n<p>\u2013 Aufbau und Einf\u00fchrung von Internal Controlling Systemen in Industrieunternehmen<\/p>\n\n\n\n<p>\u2013 Aufbau von Shared Services Organisationen<\/p>\n\n\n\n<p>\u2013 Einf\u00fchrung eines Mitarbeiter Aktienkaufplans weltweit<\/p>\n\n\n\n<p>\u2013 Wie betreue ich meine ins Ausland entsandten Mitarbeiter (Expatriates)<\/p>\n\n\n\n<p>Nach einer Lehre zum Industriekaufmann und zus\u00e4tzlichem betriebswirtschaftlichem Studium hat er als Gesch\u00e4ftsf\u00fchrer und CFO bei den Unternehmen Honeywell (Deutschland und Europa), vormals Allied-Signal und in der Schweiz bei Imaging Solutions AG zum langj\u00e4hrigen Erfolg dieser Unternehmen beigetragen.<\/p>\n\n\n\n<p>Er ist verheiratet und hat 2 Kinder.<\/p>\n<\/div><\/div>\n","protected":false},"excerpt":{"rendered":"<p>Seine Kernkompetenzen liegen in \u2013 Erfahrung mit internationalen Industrieunternehmen \u2013 Abschlusssicher in deutsch, IFRS, US GAAP \u2013 Umfangreiche Kenntnisse mit IT-Systemen und Personal \u2013 Qualifiziert f\u00fcr situative und personenbezogene Personalf\u00fchrung und Motivation Mit seiner langj\u00e4hrigen Erfahrung in den Bereichen Finanz- und Rechnungswesen, Controlling, Personal und IT ber\u00e4t er mit insbesondere zu folgenden Themen: \u2013 Aufbau &hellip;<\/p>\n","protected":false},"author":2,"featured_media":209,"parent":206,"menu_order":2,"comment_status":"closed","ping_status":"closed","template":"","meta":{"footnotes":""},"class_list":["post-247","page","type-page","status-publish","has-post-thumbnail","hentry"],"_links":{"self":[{"href":"https:\/\/droese-partner.com\/de_de\/wp-json\/wp\/v2\/pages\/247","targetHints":{"allow":["GET"]}}],"collection":[{"href":"https:\/\/droese-partner.com\/de_de\/wp-json\/wp\/v2\/pages"}],"about":[{"href":"https:\/\/droese-partner.com\/de_de\/wp-json\/wp\/v2\/types\/page"}],"author":[{"embeddable":true,"href":"https:\/\/droese-partner.com\/de_de\/wp-json\/wp\/v2\/users\/2"}],"replies":[{"embeddable":true,"href":"https:\/\/droese-partner.com\/de_de\/wp-json\/wp\/v2\/comments?post=247"}],"version-history":[{"count":2,"href":"https:\/\/droese-partner.com\/de_de\/wp-json\/wp\/v2\/pages\/247\/revisions"}],"predecessor-version":[{"id":326,"href":"https:\/\/droese-partner.com\/de_de\/wp-json\/wp\/v2\/pages\/247\/revisions\/326"}],"up":[{"embeddable":true,"href":"https:\/\/droese-partner.com\/de_de\/wp-json\/wp\/v2\/pages\/206"}],"wp:featuredmedia":[{"embeddable":true,"href":"https:\/\/droese-partner.com\/de_de\/wp-json\/wp\/v2\/media\/209"}],"wp:attachment":[{"href":"https:\/\/droese-partner.com\/de_de\/wp-json\/wp\/v2\/media?parent=247"}],"curies":[{"name":"wp","href":"https:\/\/api.w.org\/{rel}","templated":true}]}}