{"id":206,"date":"2022-01-17T15:59:55","date_gmt":"2022-01-17T15:59:55","guid":{"rendered":"https:\/\/droese-partner.com\/?page_id=206"},"modified":"2022-01-19T13:13:28","modified_gmt":"2022-01-19T13:13:28","slug":"partner-experten","status":"publish","type":"page","link":"https:\/\/droese-partner.com\/de_de\/partner-experten\/","title":{"rendered":"Partner\/Experten"},"content":{"rendered":"\n<div class=\"wp-block-media-text alignwide is-vertically-aligned-top\" style=\"grid-template-columns:20% auto\"><figure class=\"wp-block-media-text__media\"><img loading=\"lazy\" decoding=\"async\" width=\"200\" height=\"400\" src=\"https:\/\/droese-partner.com\/wp-content\/uploads\/2022\/01\/grafik-links-rudern_plus.png\" alt=\"\" class=\"wp-image-210 size-full\" srcset=\"https:\/\/droese-partner.com\/wp-content\/uploads\/2022\/01\/grafik-links-rudern_plus.png 200w, https:\/\/droese-partner.com\/wp-content\/uploads\/2022\/01\/grafik-links-rudern_plus-150x300.png 150w\" sizes=\"auto, (max-width: 200px) 100vw, 200px\" \/><\/figure><div class=\"wp-block-media-text__content\">\n<p>Droese &amp; Partner wird in der Rechtsform der Gesellschaft b\u00fcrgerlichen Rechts (GbR) gef\u00fchrt. Die Bandbreite der Beratung wird m\u00f6glich durch den Kreis der freien Mitarbeiter und der Kooperationspartner, die ihre Erfahrung in Unternehmen unterschiedlicher Branchen gesammelt haben und diese in partnerschaftlichem Sinne einbringen.<\/p>\n\n\n\n<div class=\"wp-block-group\"><div class=\"wp-block-group__inner-container is-layout-flow wp-block-group-is-layout-flow\">\n<figure class=\"wp-block-table is-style-regular\"><table class=\"has-text-color has-background has-fixed-layout\" style=\"background-color:#e5ebf1;color:#013e7d\"><tbody><tr><td><em>Name<\/em><\/td><td><em>Letzte Stationen<\/em><\/td><td><em>Status<\/em><\/td><\/tr><tr><td><strong><a href=\"https:\/\/droese-partner.com\/?page_id=222\">Guenter Droese<\/a><\/strong><br>Dipl.-Volkswirt<\/td><td>Deutsche Bank\/Allianz<\/td><td>Partner (GbR)<\/td><\/tr><tr><td><strong><a href=\"https:\/\/droese-partner.com\/?page_id=247\">Horst Droese<\/a><\/strong><br>Betriebswirt<\/td><td>Honeywell\/Allied<\/td><td>Partner (GbR)<\/td><\/tr><tr><td><strong><a href=\"https:\/\/droese-partner.com\/?page_id=252\">Harry A. Daugird<\/a><\/strong><br>Rechtsanwalt<\/td><td>ABB Ltd.<\/td><td>freier Mitarbeiter<\/td><\/tr><tr><td><strong><a href=\"https:\/\/droese-partner.com\/partner-experten\/ferdinand-deiss\/\">Ferdinand Dei\u00df<\/a><\/strong><br>Vers.-Kaufmann<\/td><td>Metallgesellschaft\/<br>mg technologies\/GEA Group<\/td><td>freier Mitarbeiter<\/td><\/tr><tr><td><strong><a href=\"https:\/\/droese-partner.com\/partner-experten\/prof-dr-rainer-freise\/\">Prof. Dr. Rainer Freise<\/a><\/strong><br>Jurist<\/td><td>DVA\/Deutsche Bahn<\/td><td>freier Mitarbeiter<\/td><\/tr><tr><td><strong><a href=\"https:\/\/droese-partner.com\/partner-experten\/frederick-gabriel\/\">Frederick Gabriel<\/a><\/strong><br>A.C.I.I.<\/td><td>Marsh<\/td><td>freier Mitarbeiter<\/td><\/tr><tr><td><strong><a href=\"https:\/\/droese-partner.com\/partner-experten\/hartmut-jaeger\/\">Hartmut Jaeger<\/a><\/strong><br>Dipl.-Ing.<\/td><td>JIMC, HDP Management Consulting<\/td><td>Kooperationspartner<\/td><\/tr><tr><td><strong><a href=\"https:\/\/droese-partner.com\/partner-experten\/dr-ing-peter-klatt\/\">Dr. Peter Klatt<\/a><\/strong><br>Dr. Ing.<\/td><td>BMW, ArcelorMittal, Arcelor, ARBED<\/td><td>freier Mitarbeiter<\/td><\/tr><tr><td><strong><a href=\"https:\/\/droese-partner.com\/partner-experten\/wolfgang-rief\/\">Wolfgang Rief<\/a><\/strong><br>Dipl.-Kaufmann<\/td><td>Standard &amp; Poor\u2019s\/Gerling\/GDV<\/td><td>freier Mitarbeiter<\/td><\/tr><tr><td><strong><a href=\"https:\/\/droese-partner.com\/partner-experten\/norbert-weigand\/\">Norbert Weigand<\/a><\/strong><br>Vers.-Kaufmann<\/td><td>Daimler Insurance Services<\/td><td>freier Mitarbeiter<\/td><\/tr><\/tbody><\/table><\/figure>\n<\/div><\/div>\n\n\n\n<div style=\"height:20px\" aria-hidden=\"true\" class=\"wp-block-spacer\"><\/div>\n\n\n\n<p>Weitere Eintr\u00e4ge erfolgen in K\u00fcrze.<\/p>\n<\/div><\/div>\n","protected":false},"excerpt":{"rendered":"","protected":false},"author":2,"featured_media":209,"parent":0,"menu_order":0,"comment_status":"closed","ping_status":"closed","template":"","meta":{"footnotes":""},"class_list":["post-206","page","type-page","status-publish","has-post-thumbnail","hentry"],"_links":{"self":[{"href":"https:\/\/droese-partner.com\/de_de\/wp-json\/wp\/v2\/pages\/206","targetHints":{"allow":["GET"]}}],"collection":[{"href":"https:\/\/droese-partner.com\/de_de\/wp-json\/wp\/v2\/pages"}],"about":[{"href":"https:\/\/droese-partner.com\/de_de\/wp-json\/wp\/v2\/types\/page"}],"author":[{"embeddable":true,"href":"https:\/\/droese-partner.com\/de_de\/wp-json\/wp\/v2\/users\/2"}],"replies":[{"embeddable":true,"href":"https:\/\/droese-partner.com\/de_de\/wp-json\/wp\/v2\/comments?post=206"}],"version-history":[{"count":36,"href":"https:\/\/droese-partner.com\/de_de\/wp-json\/wp\/v2\/pages\/206\/revisions"}],"predecessor-version":[{"id":384,"href":"https:\/\/droese-partner.com\/de_de\/wp-json\/wp\/v2\/pages\/206\/revisions\/384"}],"wp:featuredmedia":[{"embeddable":true,"href":"https:\/\/droese-partner.com\/de_de\/wp-json\/wp\/v2\/media\/209"}],"wp:attachment":[{"href":"https:\/\/droese-partner.com\/de_de\/wp-json\/wp\/v2\/media?parent=206"}],"curies":[{"name":"wp","href":"https:\/\/api.w.org\/{rel}","templated":true}]}}