{"id":2,"date":"2016-05-10T03:48:21","date_gmt":"2016-05-10T03:48:21","guid":{"rendered":"https:\/\/droese-partner.com\/?page_id=2"},"modified":"2022-01-14T20:27:47","modified_gmt":"2022-01-14T20:27:47","slug":"sample-page","status":"publish","type":"page","link":"https:\/\/droese-partner.com\/de_de\/","title":{"rendered":"Willkommen!"},"content":{"rendered":"\n<div class=\"wp-block-group\"><div class=\"wp-block-group__inner-container is-layout-flow wp-block-group-is-layout-flow\">\n<div class=\"wp-block-columns is-layout-flex wp-container-core-columns-is-layout-9d6595d7 wp-block-columns-is-layout-flex\">\n<div class=\"wp-block-column is-layout-flow wp-block-column-is-layout-flow\" style=\"flex-basis:100%\">\n<div class=\"wp-block-group alignwide\"><div class=\"wp-block-group__inner-container is-layout-flow wp-block-group-is-layout-flow\">\n<div class=\"wp-block-media-text alignwide is-vertically-aligned-top\" style=\"grid-template-columns:20% auto\"><figure class=\"wp-block-media-text__media\"><img loading=\"lazy\" decoding=\"async\" width=\"200\" height=\"480\" src=\"https:\/\/droese-partner.com\/wp-content\/uploads\/2022\/01\/grafik-links_homepage_neu.png\" alt=\"\" class=\"wp-image-182 size-full\" srcset=\"https:\/\/droese-partner.com\/wp-content\/uploads\/2022\/01\/grafik-links_homepage_neu.png 200w, https:\/\/droese-partner.com\/wp-content\/uploads\/2022\/01\/grafik-links_homepage_neu-125x300.png 125w\" sizes=\"auto, (max-width: 200px) 100vw, 200px\" \/><\/figure><div class=\"wp-block-media-text__content\">\n<h3 class=\"has-text-align-left has-text-color wp-block-heading\" style=\"color:#003d7c;font-size:33px\">Willkommen!<\/h3>\n\n\n\n<p class=\"has-extra-small-font-size\">Droese &amp; Partner begr\u00fc\u00dft Sie und freut sich, Ihnen unser Team sowie unsere Dienstleistungen zu pr\u00e4sentieren, die eine breite Palette zum Risikomanagement, Versicherungsl\u00f6sungen, Captive, Basel II\/III und Solvency II darstellen.<\/p>\n\n\n\n<p class=\"has-extra-small-font-size\">Das Team besteht aus wirtschaftlich unabh\u00e4ngigen, allein ihrem fundierten, aktiv erworbenem Expertenwissen verpflichteten Spezialisten und Generalisten, die verantwortlich in Industrie und Dienstleistungsgewerbe besch\u00e4ftigt sind\/waren.<\/p>\n\n\n\n<p class=\"has-extra-small-font-size\">Alle Risikobereiche einer Unternehmung werden in ihrer Komplexit\u00e4t und Interdependenz erfasst; die Beratungstiefe bestimmt der Kunde. Es werden zu Risikominderung und Risikotransfer erstklassige L\u00f6sungen erarbeitet, die sich an den jeweiligen Benchmarks orientieren bzw. sie selbst neu setzen. Wir helfen Ihnen auch als Mediatoren zur Verk\u00fcrzung von Streitf\u00e4llen mit Ihren Vertragsparteien.<\/p>\n\n\n\n<p class=\"has-extra-small-font-size\">Neben den Partnern besteht das Team aus freien Mitarbeitern und Kooperationspartnern: alle denken unternehmerisch und k\u00f6nnen \u2013 souver\u00e4n an vorgebildeten Meinungen und Ausrichtungen vorbei \u2013 die Alternativen zur Optimierung Ihrer strategischen Ziele vortragen \u2013 mit der gebotenen Diskretion.<\/p>\n\n\n\n<p class=\"has-extra-small-font-size\"><strong>Sie alleine entscheiden, welche Vorschl\u00e4ge Sie w\u00e4hlen.<\/strong><\/p>\n\n\n\n<p class=\"has-text-color has-extra-small-font-size\" style=\"color:#003d7c\">Nota: Wenn unser Team mit einer Aufgabenstellung nicht vertraut ist, dann erkl\u00e4ren wir deutlich \u201eDas k\u00f6nnen wir nicht!\u201c und geben Ihnen ggfs. eine Empfehlung im Markt.<\/p>\n\n\n\n<p><\/p>\n<\/div><\/div>\n<\/div><\/div>\n<\/div>\n<\/div>\n<\/div><\/div>\n","protected":false},"excerpt":{"rendered":"<p>Willkommen! Droese &amp; Partner begr\u00fc\u00dft Sie und freut sich, Ihnen unser Team sowie unsere Dienstleistungen zu pr\u00e4sentieren, die eine breite Palette zum Risikomanagement, Versicherungsl\u00f6sungen, Captive, Basel II\/III und Solvency II darstellen. Das Team besteht aus wirtschaftlich unabh\u00e4ngigen, allein ihrem fundierten, aktiv erworbenem Expertenwissen verpflichteten Spezialisten und Generalisten, die verantwortlich in Industrie und Dienstleistungsgewerbe besch\u00e4ftigt sind\/waren. &hellip;<\/p>\n","protected":false},"author":1,"featured_media":24,"parent":0,"menu_order":1,"comment_status":"closed","ping_status":"open","template":"","meta":{"footnotes":""},"class_list":["post-2","page","type-page","status-publish","has-post-thumbnail","hentry"],"_links":{"self":[{"href":"https:\/\/droese-partner.com\/de_de\/wp-json\/wp\/v2\/pages\/2","targetHints":{"allow":["GET"]}}],"collection":[{"href":"https:\/\/droese-partner.com\/de_de\/wp-json\/wp\/v2\/pages"}],"about":[{"href":"https:\/\/droese-partner.com\/de_de\/wp-json\/wp\/v2\/types\/page"}],"author":[{"embeddable":true,"href":"https:\/\/droese-partner.com\/de_de\/wp-json\/wp\/v2\/users\/1"}],"replies":[{"embeddable":true,"href":"https:\/\/droese-partner.com\/de_de\/wp-json\/wp\/v2\/comments?post=2"}],"version-history":[{"count":15,"href":"https:\/\/droese-partner.com\/de_de\/wp-json\/wp\/v2\/pages\/2\/revisions"}],"predecessor-version":[{"id":192,"href":"https:\/\/droese-partner.com\/de_de\/wp-json\/wp\/v2\/pages\/2\/revisions\/192"}],"wp:featuredmedia":[{"embeddable":true,"href":"https:\/\/droese-partner.com\/de_de\/wp-json\/wp\/v2\/media\/24"}],"wp:attachment":[{"href":"https:\/\/droese-partner.com\/de_de\/wp-json\/wp\/v2\/media?parent=2"}],"curies":[{"name":"wp","href":"https:\/\/api.w.org\/{rel}","templated":true}]}}