{"id":137,"date":"2022-01-14T19:36:53","date_gmt":"2022-01-14T19:36:53","guid":{"rendered":"https:\/\/droese-partner.com\/?page_id=137"},"modified":"2022-01-14T20:26:41","modified_gmt":"2022-01-14T20:26:41","slug":"impressum","status":"publish","type":"page","link":"https:\/\/droese-partner.com\/de_de\/impressum\/","title":{"rendered":"Impressum"},"content":{"rendered":"\n<div class=\"wp-block-media-text alignwide is-vertically-aligned-top\" style=\"grid-template-columns:20% auto\"><figure class=\"wp-block-media-text__media\"><img loading=\"lazy\" decoding=\"async\" width=\"200\" height=\"400\" src=\"https:\/\/droese-partner.com\/wp-content\/uploads\/2022\/01\/grafik-paragraf_plus.png\" alt=\"\" class=\"wp-image-148 size-full\" srcset=\"https:\/\/droese-partner.com\/wp-content\/uploads\/2022\/01\/grafik-paragraf_plus.png 200w, https:\/\/droese-partner.com\/wp-content\/uploads\/2022\/01\/grafik-paragraf_plus-150x300.png 150w\" sizes=\"auto, (max-width: 200px) 100vw, 200px\" \/><\/figure><div class=\"wp-block-media-text__content\">\n<p><strong>Angaben gem\u00e4\u00df \u00a7 5 TMG:<\/strong><br>Droese &amp; Partner<br>Gesch\u00e4ftsf\u00fchrer: Guenter Droese, Horst Droese<br>Im Oelgarten 5a<br>D-61440 Oberursel\/Ts.<br>Tel. +49 (0)6171-2844314<br><a href=\"mailto:guenter@droese-partner.com\">guenter@droese-partner.com<\/a><strong><br><br>Gestaltung der Website:<br><\/strong>Ralf Morling, Morling Komm.<br>Lindenweg 43<br>D-65817 Eppstein\/Ts.<br>Tel. +49 (0)6171-59509<br><a href=\"mailto:info@morling.de\">info@morling.de<\/a><br><a rel=\"noreferrer noopener\" href=\"http:\/\/www.morling.de\/\" target=\"_blank\">www.morling.de<\/a><\/p>\n\n\n\n<p><strong>Haftungsausschluss:<\/strong><br>Die Inhalte dieser Website wurden von Droese &amp; Partner mit Sorgfalt und nach bestem Gewissen erstellt. Eine Gew\u00e4hr f\u00fcr die Aktualit\u00e4t, Vollst\u00e4ndigkeit und Richtigkeit s\u00e4mtlicher Seiten kann jedoch nicht \u00fcbernommen werden. Gem\u00e4\u00df \u00a7 7 Abs. 1 TMG sind wir als Dienstanbieter f\u00fcr eigene Inhalte auf diesen Seiten nach den allgemeinen Gesetzen verantwortlich, nach den \u00a7\u00a7 8 bis 10 TMG jedoch nicht verpflichtet, die \u00fcbermittelten oder gespeicherten fremden Informationen zu \u00fcberwachen. Eine umgehende Entfernung dieser Inhalte erfolgt ab dem Zeitpunkt der Kenntnis einer konkreten Rechtsverletzung und wir haften nicht vor dem Zeitpunkt der Kenntniserlangung.<\/p>\n\n\n\n<p>Soweit unsere Webseite\u00a0 \u201eexterne Links\u201c\u00a0 enth\u00e4lt, sind f\u00fcr die Inhalte und Richtigkeit der Informationen die jeweiligen Informationsanbieter der verlinkten Webseite verantwortlich.<\/p>\n<\/div><\/div>\n","protected":false},"excerpt":{"rendered":"<p>Angaben gem\u00e4\u00df \u00a7 5 TMG:Droese &amp; PartnerGesch\u00e4ftsf\u00fchrer: Guenter Droese, Horst DroeseIm Oelgarten 5aD-61440 Oberursel\/Ts.Tel. +49 (0)6171-2844314guenter@droese-partner.com Gestaltung der Website:Ralf Morling, Morling Komm.Lindenweg 43D-65817 Eppstein\/Ts.Tel. +49 (0)6171-59509info@morling.dewww.morling.de Haftungsausschluss:Die Inhalte dieser Website wurden von Droese &amp; Partner mit Sorgfalt und nach bestem Gewissen erstellt. Eine Gew\u00e4hr f\u00fcr die Aktualit\u00e4t, Vollst\u00e4ndigkeit und Richtigkeit s\u00e4mtlicher Seiten kann jedoch nicht &hellip;<\/p>\n","protected":false},"author":2,"featured_media":24,"parent":0,"menu_order":0,"comment_status":"closed","ping_status":"closed","template":"","meta":{"footnotes":""},"class_list":["post-137","page","type-page","status-publish","has-post-thumbnail","hentry"],"_links":{"self":[{"href":"https:\/\/droese-partner.com\/de_de\/wp-json\/wp\/v2\/pages\/137","targetHints":{"allow":["GET"]}}],"collection":[{"href":"https:\/\/droese-partner.com\/de_de\/wp-json\/wp\/v2\/pages"}],"about":[{"href":"https:\/\/droese-partner.com\/de_de\/wp-json\/wp\/v2\/types\/page"}],"author":[{"embeddable":true,"href":"https:\/\/droese-partner.com\/de_de\/wp-json\/wp\/v2\/users\/2"}],"replies":[{"embeddable":true,"href":"https:\/\/droese-partner.com\/de_de\/wp-json\/wp\/v2\/comments?post=137"}],"version-history":[{"count":11,"href":"https:\/\/droese-partner.com\/de_de\/wp-json\/wp\/v2\/pages\/137\/revisions"}],"predecessor-version":[{"id":190,"href":"https:\/\/droese-partner.com\/de_de\/wp-json\/wp\/v2\/pages\/137\/revisions\/190"}],"wp:featuredmedia":[{"embeddable":true,"href":"https:\/\/droese-partner.com\/de_de\/wp-json\/wp\/v2\/media\/24"}],"wp:attachment":[{"href":"https:\/\/droese-partner.com\/de_de\/wp-json\/wp\/v2\/media?parent=137"}],"curies":[{"name":"wp","href":"https:\/\/api.w.org\/{rel}","templated":true}]}}